{"id":74,"date":"2018-02-05T20:12:43","date_gmt":"2018-02-05T20:12:43","guid":{"rendered":"http:\/\/sparding.eu\/?page_id=74"},"modified":"2018-02-20T12:17:23","modified_gmt":"2018-02-20T12:17:23","slug":"mac","status":"publish","type":"page","link":"https:\/\/gertrud-sparding.de\/?page_id=74","title":{"rendered":"Mac"},"content":{"rendered":"<p><img loading=\"lazy\" decoding=\"async\" class=\"alignnone size-medium wp-image-63\" src=\"http:\/\/sparding.eu\/wp-content\/uploads\/2018\/02\/cropped-2D90B0DF-7D9A-4566-9E4E-36BB23426EA7-300x179.jpeg\" alt=\"\" width=\"300\" height=\"179\" srcset=\"https:\/\/gertrud-sparding.de\/wp-content\/uploads\/2018\/02\/cropped-2D90B0DF-7D9A-4566-9E4E-36BB23426EA7-300x179.jpeg 300w, https:\/\/gertrud-sparding.de\/wp-content\/uploads\/2018\/02\/cropped-2D90B0DF-7D9A-4566-9E4E-36BB23426EA7-768x458.jpeg 768w, https:\/\/gertrud-sparding.de\/wp-content\/uploads\/2018\/02\/cropped-2D90B0DF-7D9A-4566-9E4E-36BB23426EA7-1024x611.jpeg 1024w, https:\/\/gertrud-sparding.de\/wp-content\/uploads\/2018\/02\/cropped-2D90B0DF-7D9A-4566-9E4E-36BB23426EA7.jpeg 2000w\" sizes=\"auto, (max-width: 300px) 100vw, 300px\" \/><\/p>\n<p><b>Sie haben einen iMac, ein MacBook oder ein MacBook Air?<\/b><\/p>\n<ul>\n<li>Lernen Sie, sicher damit umzugehen. Bewegen Sie sich zielbewusst auf der Oberfl\u00e4che Ihres Computers und richten Sie ihn f\u00fcr Ihre Zwecke ein:<\/li>\n<li>Legen Sie Dateien f\u00fcr Ihren Schriftverkehr (Briefe, Plakate, Flyer u.a.m.) an und organisieren sie ihn in Ordnern.<\/li>\n<li>Lernen Sie, Texte und Textbausteine anzulegen, zu kopieren und zu verschieben;<\/li>\n<li>mit Microsoft Word\u00a0 oder mit Pages geht das leicht.<\/li>\n<li>Sammeln Sie Ihre Adressen in Kontakten und Verteilern.<\/li>\n<li>Richten Sie Ihre Kalender ein und lassen Sie sich zu wichtigen Ereignissen erinnern.<\/li>\n<li>Halten Sie Mailkontakt zu Freunden und Verwandten.<\/li>\n<li>Lernen Sie, Ihre Fotos und Ihre Lieblingsmusik auf dem Computer zu verwalten.<\/li>\n<li>Wenn Sie etwas wissen wollen: Der Browser \u201eSafari\u201c googelt Ihnen die relevanten Informationen im Internet.<\/li>\n<li>Und wenn Ihnen diese Standard-Software nicht reicht: Lernen Sie, wie Sie weitere interessante Programme aus dem \u201eApp Store\u201c herunterladen und nutzen k\u00f6nnen.<\/li>\n<\/ul>\n","protected":false},"excerpt":{"rendered":"<p>Sie haben einen iMac, ein MacBook oder ein MacBook Air? Lernen Sie, sicher damit umzugehen. Bewegen Sie sich zielbewusst auf der Oberfl\u00e4che Ihres Computers und richten Sie ihn f\u00fcr Ihre Zwecke ein: Legen Sie Dateien f\u00fcr Ihren Schriftverkehr (Briefe, Plakate, Flyer u.a.m.) an und organisieren sie ihn in Ordnern. Lernen Sie, Texte und Textbausteine anzulegen, &hellip; <\/p>\n<p class=\"link-more\"><a href=\"https:\/\/gertrud-sparding.de\/?page_id=74\" class=\"more-link\"><span class=\"screen-reader-text\">\u201eMac\u201c<\/span> weiterlesen<\/a><\/p>\n","protected":false},"author":1,"featured_media":0,"parent":0,"menu_order":0,"comment_status":"closed","ping_status":"closed","template":"","meta":{"footnotes":""},"class_list":["post-74","page","type-page","status-publish","hentry"],"_links":{"self":[{"href":"https:\/\/gertrud-sparding.de\/index.php?rest_route=\/wp\/v2\/pages\/74","targetHints":{"allow":["GET"]}}],"collection":[{"href":"https:\/\/gertrud-sparding.de\/index.php?rest_route=\/wp\/v2\/pages"}],"about":[{"href":"https:\/\/gertrud-sparding.de\/index.php?rest_route=\/wp\/v2\/types\/page"}],"author":[{"embeddable":true,"href":"https:\/\/gertrud-sparding.de\/index.php?rest_route=\/wp\/v2\/users\/1"}],"replies":[{"embeddable":true,"href":"https:\/\/gertrud-sparding.de\/index.php?rest_route=%2Fwp%2Fv2%2Fcomments&post=74"}],"version-history":[{"count":4,"href":"https:\/\/gertrud-sparding.de\/index.php?rest_route=\/wp\/v2\/pages\/74\/revisions"}],"predecessor-version":[{"id":214,"href":"https:\/\/gertrud-sparding.de\/index.php?rest_route=\/wp\/v2\/pages\/74\/revisions\/214"}],"wp:attachment":[{"href":"https:\/\/gertrud-sparding.de\/index.php?rest_route=%2Fwp%2Fv2%2Fmedia&parent=74"}],"curies":[{"name":"wp","href":"https:\/\/api.w.org\/{rel}","templated":true}]}}