{"id":45,"date":"2018-02-02T15:02:18","date_gmt":"2018-02-02T15:02:18","guid":{"rendered":"http:\/\/sparding.eu\/?page_id=45"},"modified":"2024-01-10T17:09:15","modified_gmt":"2024-01-10T17:09:15","slug":"mac-iphone-ipad","status":"publish","type":"page","link":"https:\/\/gertrud-sparding.de\/","title":{"rendered":"Fit bleiben in der digitalen Welt"},"content":{"rendered":"\n<p><\/p>\n\n\n<div id='gallery-1' class='gallery galleryid-45 gallery-columns-3 gallery-size-thumbnail'><figure class='gallery-item'>\n\t\t\t<div class='gallery-icon landscape'>\n\t\t\t\t<a href='https:\/\/gertrud-sparding.de\/?attachment_id=207'><img loading=\"lazy\" decoding=\"async\" width=\"150\" height=\"150\" src=\"https:\/\/gertrud-sparding.de\/wp-content\/uploads\/2018\/02\/IMG_1570-150x150.jpg\" class=\"attachment-thumbnail size-thumbnail\" alt=\"\" srcset=\"https:\/\/gertrud-sparding.de\/wp-content\/uploads\/2018\/02\/IMG_1570-150x150.jpg 150w, https:\/\/gertrud-sparding.de\/wp-content\/uploads\/2018\/02\/IMG_1570-100x100.jpg 100w\" sizes=\"auto, 100vw\" \/><\/a>\n\t\t\t<\/div><\/figure><figure class='gallery-item'>\n\t\t\t<div class='gallery-icon landscape'>\n\t\t\t\t<a href='https:\/\/gertrud-sparding.de\/?attachment_id=117'><img loading=\"lazy\" decoding=\"async\" width=\"150\" height=\"150\" src=\"https:\/\/gertrud-sparding.de\/wp-content\/uploads\/2018\/02\/82CEB8CF-5A4F-447F-83B7-6227A0E5DEF3-150x150.jpeg\" class=\"attachment-thumbnail size-thumbnail\" alt=\"\" srcset=\"https:\/\/gertrud-sparding.de\/wp-content\/uploads\/2018\/02\/82CEB8CF-5A4F-447F-83B7-6227A0E5DEF3-150x150.jpeg 150w, https:\/\/gertrud-sparding.de\/wp-content\/uploads\/2018\/02\/82CEB8CF-5A4F-447F-83B7-6227A0E5DEF3-100x100.jpeg 100w\" sizes=\"auto, 100vw\" \/><\/a>\n\t\t\t<\/div><\/figure><figure class='gallery-item'>\n\t\t\t<div class='gallery-icon landscape'>\n\t\t\t\t<a href='https:\/\/gertrud-sparding.de\/?attachment_id=109'><img loading=\"lazy\" decoding=\"async\" width=\"150\" height=\"150\" src=\"https:\/\/gertrud-sparding.de\/wp-content\/uploads\/2018\/02\/323A2856-7F7D-4FF6-9D20-A8C7E6B79E59-150x150.jpeg\" class=\"attachment-thumbnail size-thumbnail\" alt=\"\" srcset=\"https:\/\/gertrud-sparding.de\/wp-content\/uploads\/2018\/02\/323A2856-7F7D-4FF6-9D20-A8C7E6B79E59-150x150.jpeg 150w, https:\/\/gertrud-sparding.de\/wp-content\/uploads\/2018\/02\/323A2856-7F7D-4FF6-9D20-A8C7E6B79E59-100x100.jpeg 100w\" sizes=\"auto, 100vw\" \/><\/a>\n\t\t\t<\/div><\/figure>\n\t\t<\/div>\n\n<p><strong>Schritt f\u00fcr Schritt &#8211; Frage f\u00fcr Frage<\/strong><\/p>\n<p>Sie m\u00f6chten Ihren Mac, Ihr iPad oder Ihr iPhone mit Leichtigkeit und Freude nutzen k\u00f6nnen?<\/p>\n<p>Sie wohnen in M\u00fcnster oder im M\u00fcnsterland?<\/p>\n<p>Sie sind dabei, von Microsoft- auf Apple-Produkte umzusteigen?<\/p>\n<p>Sie m\u00f6chten eine individuelle Einf\u00fchrung oder Weiterbildung, die auf Ihre spezifischen Bed\u00fcrfnisse zugeschnitten ist?<\/p>\n<p>Dann kann ich Ihnen helfen, denn:<br>\n\u00b7 Bei mir lernen Sie das, was Sie f\u00fcr Ihre Zwecke gebrauchen.<br>\n\u00b7 Bei mir lernen Sie an Ihrem eigenen Ger\u00e4t.<br>\n\u00b7 Bei mir lernen Sie in Ihrem eigenen Tempo.<\/p>\n<p>Ich unterrichte bei Ihnen zu Hause, an Ihrem Arbeitsplatz &#8211; oder Sie kommen zu mir.<\/p>\n<p>Sie sind zu zweit, zu dritt? Kein Problem \u2013 auch f\u00fcr kleine Gruppen kann ich Ihnen ein Unterrichtsangebot machen \u2013 und das Lernen macht noch mehr Spa\u00df!<\/p>\n<p>Arbeiten Sie mit einem Windows-Computer?<\/p>\n<p><a href=\"Mailto:info@gertrud-sparding.de\">Dann nehmen Sie mit mir Kontakt auf!<\/a><\/p>\n<p>Oder rufen Sie mich an: Tel.: 0251-22890<\/p>","protected":false},"excerpt":{"rendered":"<p>Schritt f\u00fcr Schritt &#8211; Frage f\u00fcr Frage Sie m\u00f6chten Ihren Mac, Ihr iPad oder Ihr iPhone mit Leichtigkeit und Freude nutzen k\u00f6nnen? Sie wohnen in M\u00fcnster oder im M\u00fcnsterland? Sie sind dabei, von Microsoft- auf Apple-Produkte umzusteigen? Sie m\u00f6chten eine individuelle Einf\u00fchrung oder Weiterbildung, die auf Ihre spezifischen Bed\u00fcrfnisse zugeschnitten ist? Dann kann ich Ihnen &hellip; <\/p>\n<p class=\"link-more\"><a href=\"https:\/\/gertrud-sparding.de\/\" class=\"more-link\"><span class=\"screen-reader-text\">\u201eFit bleiben in der digitalen Welt\u201c<\/span> weiterlesen<\/a><\/p>\n","protected":false},"author":1,"featured_media":0,"parent":0,"menu_order":0,"comment_status":"closed","ping_status":"closed","template":"","meta":{"footnotes":""},"class_list":["post-45","page","type-page","status-publish","hentry"],"_links":{"self":[{"href":"https:\/\/gertrud-sparding.de\/index.php?rest_route=\/wp\/v2\/pages\/45","targetHints":{"allow":["GET"]}}],"collection":[{"href":"https:\/\/gertrud-sparding.de\/index.php?rest_route=\/wp\/v2\/pages"}],"about":[{"href":"https:\/\/gertrud-sparding.de\/index.php?rest_route=\/wp\/v2\/types\/page"}],"author":[{"embeddable":true,"href":"https:\/\/gertrud-sparding.de\/index.php?rest_route=\/wp\/v2\/users\/1"}],"replies":[{"embeddable":true,"href":"https:\/\/gertrud-sparding.de\/index.php?rest_route=%2Fwp%2Fv2%2Fcomments&post=45"}],"version-history":[{"count":12,"href":"https:\/\/gertrud-sparding.de\/index.php?rest_route=\/wp\/v2\/pages\/45\/revisions"}],"predecessor-version":[{"id":284,"href":"https:\/\/gertrud-sparding.de\/index.php?rest_route=\/wp\/v2\/pages\/45\/revisions\/284"}],"wp:attachment":[{"href":"https:\/\/gertrud-sparding.de\/index.php?rest_route=%2Fwp%2Fv2%2Fmedia&parent=45"}],"curies":[{"name":"wp","href":"https:\/\/api.w.org\/{rel}","templated":true}]}}