{"id":18,"date":"2018-02-05T20:26:43","date_gmt":"2018-02-05T20:26:43","guid":{"rendered":"http:\/\/sparding.eu\/?page_id=18"},"modified":"2020-01-01T18:37:46","modified_gmt":"2020-01-01T18:37:46","slug":"kooperationspartnerinnen","status":"publish","type":"page","link":"https:\/\/gertrud-sparding.de\/?page_id=18","title":{"rendered":"Kooperation"},"content":{"rendered":"<p><a href=\"https:\/\/klartextdigital.nrw\/\" target=\"_blank\" rel=\"noopener noreferrer\">Verbessern Sie Ihre digitalen F\u00e4higkeiten<\/a>. Nicole Kirchhoff<\/p>\n<p><a href=\"http:\/\/muenster.org\/akademie-des-sehens\/Ueber-uns\">Akademie des Sehens e.V. <\/a>&#8211; Informationen zum Thema Sehbehinderung &#8211; nicht nur f\u00fcr Frauen.<\/p>\n<p><a href=\"http:\/\/www.bf-bildung.de\/\">B\u00fcro f\u00fcr Barrierefrei Bildung<\/a> &#8211;\u00a0Arbeitsplatzschulungen &#8211; Seminare &#8211; Hilfsmittelvertrieb f\u00fcr blinde und sehbehinderte Menschen<\/p>\n<p><a href=\"http:\/\/buergernetz-muenster.de\/\">Verein B\u00fcrgernetz e.V. &#8211;<\/a> Internet vor Ort<\/p>\n<p><a href=\"http:\/\/www.die-pc-trainerin.de\/\">Britta Gockel<\/a> &#8211; PC-Trainerin<\/p>\n<p><a href=\"https:\/\/www.berufswege-muenster.de\">BerufsWege e.V.\u00a0<\/a> &#8211; Beratung, Information und Begleitung f\u00fcr neue berufliche Perspektiven f\u00fcr Frauen.<\/p>\n<p><a href=\"https:\/\/www.pcfrauen.de\/\">Frauen und neue Medien e.V.<\/a> &#8211; Computerkurse f\u00fcr Frauen.<\/p>\n","protected":false},"excerpt":{"rendered":"<p>Verbessern Sie Ihre digitalen F\u00e4higkeiten. Nicole Kirchhoff Akademie des Sehens e.V. &#8211; Informationen zum Thema Sehbehinderung &#8211; nicht nur f\u00fcr Frauen. B\u00fcro f\u00fcr Barrierefrei Bildung &#8211;\u00a0Arbeitsplatzschulungen &#8211; Seminare &#8211; Hilfsmittelvertrieb f\u00fcr blinde und sehbehinderte Menschen Verein B\u00fcrgernetz e.V. &#8211; Internet vor Ort Britta Gockel &#8211; PC-Trainerin BerufsWege e.V.\u00a0 &#8211; Beratung, Information und Begleitung f\u00fcr neue &hellip; <\/p>\n<p class=\"link-more\"><a href=\"https:\/\/gertrud-sparding.de\/?page_id=18\" class=\"more-link\"><span class=\"screen-reader-text\">\u201eKooperation\u201c<\/span> weiterlesen<\/a><\/p>\n","protected":false},"author":1,"featured_media":0,"parent":0,"menu_order":0,"comment_status":"closed","ping_status":"closed","template":"","meta":{"footnotes":""},"class_list":["post-18","page","type-page","status-publish","hentry"],"_links":{"self":[{"href":"https:\/\/gertrud-sparding.de\/index.php?rest_route=\/wp\/v2\/pages\/18","targetHints":{"allow":["GET"]}}],"collection":[{"href":"https:\/\/gertrud-sparding.de\/index.php?rest_route=\/wp\/v2\/pages"}],"about":[{"href":"https:\/\/gertrud-sparding.de\/index.php?rest_route=\/wp\/v2\/types\/page"}],"author":[{"embeddable":true,"href":"https:\/\/gertrud-sparding.de\/index.php?rest_route=\/wp\/v2\/users\/1"}],"replies":[{"embeddable":true,"href":"https:\/\/gertrud-sparding.de\/index.php?rest_route=%2Fwp%2Fv2%2Fcomments&post=18"}],"version-history":[{"count":9,"href":"https:\/\/gertrud-sparding.de\/index.php?rest_route=\/wp\/v2\/pages\/18\/revisions"}],"predecessor-version":[{"id":279,"href":"https:\/\/gertrud-sparding.de\/index.php?rest_route=\/wp\/v2\/pages\/18\/revisions\/279"}],"wp:attachment":[{"href":"https:\/\/gertrud-sparding.de\/index.php?rest_route=%2Fwp%2Fv2%2Fmedia&parent=18"}],"curies":[{"name":"wp","href":"https:\/\/api.w.org\/{rel}","templated":true}]}}