{"id":16,"date":"2018-02-02T14:02:06","date_gmt":"2018-02-02T14:02:06","guid":{"rendered":"http:\/\/sparding.eu\/?page_id=16"},"modified":"2018-02-20T14:22:18","modified_gmt":"2018-02-20T14:22:18","slug":"gertrud-sparding","status":"publish","type":"page","link":"https:\/\/gertrud-sparding.de\/?page_id=16","title":{"rendered":"\u00dcber mich"},"content":{"rendered":"<p><b>Gertrud Sparding<\/b><\/p>\n<p><img decoding=\"async\" src=\"http:\/\/gsparding.de\/_Media\/17_med.jpeg\" \/><\/p>\n<p>Ich bin<\/p>\n<ul>\n<li>Diplom-P\u00e4dagogin mit \u00fcber 25-j\u00e4hriger Erfahrung in der Erwachsenenbildung, insbesondere der Computerausbildung<\/li>\n<li>versiert in Einzel- und Kleingruppenunterricht<\/li>\n<li>gewohnt, auf gruppen- bzw. personenspezifische Lernw\u00fcnsche einzugehen<\/li>\n<li>erfahren im Umgang mit iPhone und iPad f\u00fcr Sehbehinderte und Blinde<\/li>\n<li>nach wie vor interessiert an den neuen Entwicklungen im Bereich der digitalen Medien<\/li>\n<li>aktuell besonders fokussiert auf Apple-Computer wie MacBook, iMac etc., das Apple-Smartphone iPhone und das Apple-Tablet iPad<\/li>\n<li>gespannt auf die weitere Entwicklung der \u201eSozialen Medien\u201c wie z.B. Facebook und Twitter.<\/li>\n<li><u style=\"background-color: transparent; color: #333333; font-family: &amp;quot; libre franklin&amp;quot;,&amp;quot;helvetica neue&amp;quot;,helvetica,arial,sans-serif; font-size: 16px; font-style: normal; font-variant: normal; font-weight: 400; letter-spacing: normal; line-height: 26.56px; max-width: none; min-height: 0px; orphans: 2; overflow: visible; text-align: left; text-decoration: underline; text-indent: 0px; text-transform: none; -webkit-text-stroke-width: 0px; white-space: normal; word-spacing: 0px; word-wrap: break-word; padding: 0px; margin: 0px;\"><\/u><i style=\"background-color: transparent; color: #333333; font-family: &amp;quot; libre franklin&amp;quot;,&amp;quot;helvetica neue&amp;quot;,helvetica,arial,sans-serif; font-size: 16px; font-style: italic; font-variant: normal; font-weight: 400; letter-spacing: normal; orphans: 2; text-align: left; text-decoration: none; text-indent: 0px; text-transform: none; -webkit-text-stroke-width: 0px; white-space: normal; word-spacing: 0px;\"><\/i><b style=\"background-color: transparent; color: #333333; font-family: &amp;quot; libre franklin&amp;quot;,&amp;quot;helvetica neue&amp;quot;,helvetica,arial,sans-serif; font-size: 16px; font-style: normal; font-variant: normal; font-weight: bold; letter-spacing: normal; line-height: 26.56px; max-width: none; min-height: 0px; orphans: 2; overflow: visible; text-align: left; text-decoration: none; text-indent: 0px; text-transform: none; -webkit-text-stroke-width: 0px; white-space: normal; word-spacing: 0px; word-wrap: break-word; padding: 0px; margin: 0px;\"><\/b><span style=\"background-color: transparent; color: #333333; display: inline; float: none; font-family: &amp;quot; libre franklin&amp;quot;,&amp;quot;helvetica neue&amp;quot;,helvetica,arial,sans-serif; font-size: 16px; font-style: normal; font-variant: normal; font-weight: 400; letter-spacing: normal; list-style-image: none; list-style-position: outside; list-style-type: disc; orphans: 2; text-align: left; text-decoration: none; text-indent: 0px; text-transform: none; -webkit-text-stroke-width: 0px; white-space: normal; word-spacing: 0px;\">erfahren im Computertraining mit besonderen Zielgruppen (Frauen und M\u00e4dchen, \u00e4ltere Menschen, Menschen mit Behinderung).<\/span><\/li>\n<\/ul>\n<p>&nbsp;<\/p>\n","protected":false},"excerpt":{"rendered":"<p>Gertrud Sparding Ich bin Diplom-P\u00e4dagogin mit \u00fcber 25-j\u00e4hriger Erfahrung in der Erwachsenenbildung, insbesondere der Computerausbildung versiert in Einzel- und Kleingruppenunterricht gewohnt, auf gruppen- bzw. personenspezifische Lernw\u00fcnsche einzugehen erfahren im Umgang mit iPhone und iPad f\u00fcr Sehbehinderte und Blinde nach wie vor interessiert an den neuen Entwicklungen im Bereich der digitalen Medien aktuell besonders fokussiert auf &hellip; <\/p>\n<p class=\"link-more\"><a href=\"https:\/\/gertrud-sparding.de\/?page_id=16\" class=\"more-link\"><span class=\"screen-reader-text\">\u201e\u00dcber mich\u201c<\/span> weiterlesen<\/a><\/p>\n","protected":false},"author":1,"featured_media":0,"parent":0,"menu_order":0,"comment_status":"closed","ping_status":"closed","template":"","meta":{"footnotes":""},"class_list":["post-16","page","type-page","status-publish","hentry"],"_links":{"self":[{"href":"https:\/\/gertrud-sparding.de\/index.php?rest_route=\/wp\/v2\/pages\/16","targetHints":{"allow":["GET"]}}],"collection":[{"href":"https:\/\/gertrud-sparding.de\/index.php?rest_route=\/wp\/v2\/pages"}],"about":[{"href":"https:\/\/gertrud-sparding.de\/index.php?rest_route=\/wp\/v2\/types\/page"}],"author":[{"embeddable":true,"href":"https:\/\/gertrud-sparding.de\/index.php?rest_route=\/wp\/v2\/users\/1"}],"replies":[{"embeddable":true,"href":"https:\/\/gertrud-sparding.de\/index.php?rest_route=%2Fwp%2Fv2%2Fcomments&post=16"}],"version-history":[{"count":7,"href":"https:\/\/gertrud-sparding.de\/index.php?rest_route=\/wp\/v2\/pages\/16\/revisions"}],"predecessor-version":[{"id":224,"href":"https:\/\/gertrud-sparding.de\/index.php?rest_route=\/wp\/v2\/pages\/16\/revisions\/224"}],"wp:attachment":[{"href":"https:\/\/gertrud-sparding.de\/index.php?rest_route=%2Fwp%2Fv2%2Fmedia&parent=16"}],"curies":[{"name":"wp","href":"https:\/\/api.w.org\/{rel}","templated":true}]}}